{"id":299,"date":"2022-01-17T18:42:15","date_gmt":"2022-01-17T23:42:15","guid":{"rendered":"https:\/\/hopehealingwellness.com\/accueil\/"},"modified":"2022-03-31T17:21:26","modified_gmt":"2022-03-31T21:21:26","slug":"accueil","status":"publish","type":"page","link":"https:\/\/hopehealingwellness.com\/fr\/","title":{"rendered":"Accueil"},"content":{"rendered":"<p>[et_pb_section fb_built=\u00a0\u00bb1&Prime; fullwidth=\u00a0\u00bbon\u00a0\u00bb _builder_version=\u00a0\u00bb4.15&Prime; _module_preset=\u00a0\u00bbdefault\u00a0\u00bb global_colors_info=\u00a0\u00bb{}\u00a0\u00bb][et_pb_fullwidth_header title=\u00a0\u00bbVous n&rsquo;\u00eates pas seul. Ensemble, nous pouvons\u00a0\u00bb header_fullscreen=\u00a0\u00bbon\u00a0\u00bb button_one_text=\u00a0\u00bbEn savoir plus\u00a0\u00bb button_one_url=\u00a0\u00bb@ET-DC@eyJkeW5hbWljIjp0cnVlLCJjb250ZW50IjoicG9zdF9saW5rX3VybF9wYWdlIiwic2V0dGluZ3MiOnsicG9zdF9pZCI6IjMyNyJ9fQ==@\u00a0\u00bb background_overlay_color=\u00a0\u00bbrgba(0,0,0,0.1)\u00a0\u00bb background_overlay_color_tablet=\u00a0\u00bbrgba(0,0,0,0.3)\u00a0\u00bb background_overlay_color_phone=\u00a0\u00bbrgba(0,0,0,0.34)\u00a0\u00bb background_overlay_color_last_edited=\u00a0\u00bbon|desktop\u00a0\u00bb _builder_version=\u00a0\u00bb4.15.1&Prime; _dynamic_attributes=\u00a0\u00bbbutton_one_url\u00a0\u00bb _module_preset=\u00a0\u00bbdefault\u00a0\u00bb title_font=\u00a0\u00bb|300|||||||\u00a0\u00bb title_font_size=\u00a0\u00bb44px\u00a0\u00bb content_font_size=\u00a0\u00bb20px\u00a0\u00bb background_color=\u00a0\u00bb#000000&Prime; use_background_color_gradient=\u00a0\u00bbon\u00a0\u00bb background_color_gradient_start=\u00a0\u00bbrgba(216,0,90,0.85)\u00a0\u00bb background_color_gradient_end=\u00a0\u00bbrgba(215,122,97,0.88)\u00a0\u00bb background_color_gradient_direction=\u00a0\u00bb90deg\u00a0\u00bb background_color_gradient_end_position=\u00a0\u00bb43%\u00a0\u00bb background_color_gradient_overlays_image=\u00a0\u00bbon\u00a0\u00bb background_image=\u00a0\u00bbhttps:\/\/hopehealingwellness.com\/wp-content\/uploads\/2022\/01\/home-slider.jpeg\u00a0\u00bb custom_button_one=\u00a0\u00bbon\u00a0\u00bb button_one_text_size=\u00a0\u00bb18px\u00a0\u00bb button_one_bg_color=\u00a0\u00bb#000000&Prime; button_one_border_width=\u00a0\u00bb0px\u00a0\u00bb button_one_border_radius=\u00a0\u00bb100px\u00a0\u00bb button_one_letter_spacing=\u00a0\u00bb2px\u00a0\u00bb button_one_font=\u00a0\u00bb|||on|||||\u00a0\u00bb title_font_size_tablet=\u00a0\u00bb60px\u00a0\u00bb title_font_size_phone=\u00a0\u00bb49px\u00a0\u00bb title_font_size_last_edited=\u00a0\u00bbon|phone\u00a0\u00bb content_font_size_tablet=\u00a0\u00bb20px\u00a0\u00bb content_font_size_phone=\u00a0\u00bb18px\u00a0\u00bb content_font_size_last_edited=\u00a0\u00bbon|phone\u00a0\u00bb background_last_edited=\u00a0\u00bbon|phone\u00a0\u00bb background_position_phone=\u00a0\u00bbcenter_left\u00a0\u00bb title_text_shadow_style=\u00a0\u00bbpreset3&Prime; content_text_shadow_style=\u00a0\u00bbpreset3&Prime; content_text_shadow_color=\u00a0\u00bbrgba(0,0,0,0.7)\u00a0\u00bb box_shadow_style_button_one=\u00a0\u00bbpreset3&Prime; global_colors_info=\u00a0\u00bb{}\u00a0\u00bb]<\/p>\n<p>Construire un environnement sain; favorisant la sant\u00e9 de votre corps, \u00e2me et esprit.<\/p>\n<p>[\/et_pb_fullwidth_header][\/et_pb_section][et_pb_section fb_built=\u00a0\u00bb1&Prime; _builder_version=\u00a0\u00bb4.15&Prime; _module_preset=\u00a0\u00bbdefault\u00a0\u00bb custom_padding=\u00a0\u00bb||36px|||\u00a0\u00bb global_colors_info=\u00a0\u00bb{}\u00a0\u00bb][et_pb_row _builder_version=\u00a0\u00bb4.15&Prime; _module_preset=\u00a0\u00bbdefault\u00a0\u00bb background_color=\u00a0\u00bb#EFF1F3&Prime; width=\u00a0\u00bb95%\u00a0\u00bb max_width=\u00a0\u00bb1200px\u00a0\u00bb custom_padding=\u00a0\u00bb50px|50px|50px|50px|true|true\u00a0\u00bb global_colors_info=\u00a0\u00bb{}\u00a0\u00bb][et_pb_column type=\u00a0\u00bb4_4&Prime; _builder_version=\u00a0\u00bb4.15&Prime; _module_preset=\u00a0\u00bbdefault\u00a0\u00bb global_colors_info=\u00a0\u00bb{}\u00a0\u00bb][et_pb_text _builder_version=\u00a0\u00bb4.15.1&Prime; _module_preset=\u00a0\u00bbdefault\u00a0\u00bb header_font=\u00a0\u00bbAveria Serif Libre||||||||\u00a0\u00bb header_2_font=\u00a0\u00bb||||||||\u00a0\u00bb header_2_text_align=\u00a0\u00bbcenter\u00a0\u00bb header_2_font_size=\u00a0\u00bb44px\u00a0\u00bb text_orientation=\u00a0\u00bbcenter\u00a0\u00bb hover_enabled=\u00a0\u00bb0&Prime; global_colors_info=\u00a0\u00bb{}\u00a0\u00bb sticky_enabled=\u00a0\u00bb0&Prime; header_2_line_height_last_edited=\u00a0\u00bbon|phone\u00a0\u00bb header_2_line_height_phone=\u00a0\u00bb1.2em\u00a0\u00bb]<\/p>\n<h2>L&rsquo;illumination n&rsquo;est pas qu&rsquo;un simple \u00e9tat d&rsquo;esprit.<\/h2>\n<p>L&rsquo;illumination est l&rsquo;acte de recevoir des connaissances et de les comprendre. Nous avons tous des zones grise dans nos vies o\u00f9 nous aurions appr\u00e9ci\u00e9 recevoir un peu d&rsquo;aide pour mieux comprendre ce qui nous semble flou. Nous croyons qu\u2019il est le d\u00e9sir d\u2019aucune personne de rester malade ou confus ! Parfois, ce n&rsquo;est pas que les gens ne veulent pas aller mieux ; ils ne savent tout simplement pas ce qui ne va pas chez eux et par o\u00f9 commencer pour mieux aller. C&rsquo;est pourquoi Hope Healing Wellness est l\u00e0 pour vous aider \u00e0 trouver des r\u00e9ponses et \u00e0 vous accompagner tout au long de votre parcours de bien-\u00eatre.<\/p>\n<p>[\/et_pb_text][et_pb_button button_url=\u00a0\u00bb@ET-DC@eyJkeW5hbWljIjp0cnVlLCJjb250ZW50IjoicG9zdF9saW5rX3VybF9wYWdlIiwic2V0dGluZ3MiOnsicG9zdF9pZCI6IjMzMCJ9fQ==@\u00a0\u00bb button_text=\u00a0\u00bbTrouver de l&rsquo;aide\u00a0\u00bb button_alignment=\u00a0\u00bbcenter\u00a0\u00bb _builder_version=\u00a0\u00bb4.15.1&Prime; _dynamic_attributes=\u00a0\u00bbbutton_url\u00a0\u00bb _module_preset=\u00a0\u00bbdefault\u00a0\u00bb custom_button=\u00a0\u00bbon\u00a0\u00bb button_text_color=\u00a0\u00bb#EFF1F3&Prime; button_bg_color=\u00a0\u00bb#D77A61&Prime; button_border_width=\u00a0\u00bb0px\u00a0\u00bb button_border_radius=\u00a0\u00bb94px\u00a0\u00bb button_letter_spacing=\u00a0\u00bb1px\u00a0\u00bb button_font=\u00a0\u00bb|||on|||||\u00a0\u00bb global_colors_info=\u00a0\u00bb{}\u00a0\u00bb][\/et_pb_button][\/et_pb_column][\/et_pb_row][\/et_pb_section][et_pb_section fb_built=\u00a0\u00bb1&Prime; _builder_version=\u00a0\u00bb4.15&Prime; _module_preset=\u00a0\u00bbdefault\u00a0\u00bb custom_padding=\u00a0\u00bb80px||90px|||\u00a0\u00bb global_colors_info=\u00a0\u00bb{}\u00a0\u00bb][et_pb_row _builder_version=\u00a0\u00bb4.15&Prime; _module_preset=\u00a0\u00bbdefault\u00a0\u00bb global_colors_info=\u00a0\u00bb{}\u00a0\u00bb][et_pb_column type=\u00a0\u00bb4_4&Prime; _builder_version=\u00a0\u00bb4.15&Prime; _module_preset=\u00a0\u00bbdefault\u00a0\u00bb global_colors_info=\u00a0\u00bb{}\u00a0\u00bb][et_pb_text _builder_version=\u00a0\u00bb4.15.1&Prime; _module_preset=\u00a0\u00bbdefault\u00a0\u00bb header_font=\u00a0\u00bbAveria Serif Libre||||||||\u00a0\u00bb header_2_font=\u00a0\u00bb||||||||\u00a0\u00bb header_2_text_align=\u00a0\u00bbcenter\u00a0\u00bb header_2_font_size=\u00a0\u00bb44px\u00a0\u00bb text_orientation=\u00a0\u00bbcenter\u00a0\u00bb global_colors_info=\u00a0\u00bb{}\u00a0\u00bb]<\/p>\n<h2>Que faisons-nous ?<\/h2>\n<p>Nous soutenons, encourageons, \u00e9duquons et nous vous aidons \u00e0 atteindre votre plein potentiel. <\/p>\n<p>[\/et_pb_text][\/et_pb_column][\/et_pb_row][et_pb_row column_structure=\u00a0\u00bb1_4,1_4,1_4,1_4&Prime; _builder_version=\u00a0\u00bb4.15&Prime; _module_preset=\u00a0\u00bbdefault\u00a0\u00bb global_colors_info=\u00a0\u00bb{}\u00a0\u00bb][et_pb_column type=\u00a0\u00bb1_4&Prime; _builder_version=\u00a0\u00bb4.15&Prime; _module_preset=\u00a0\u00bbdefault\u00a0\u00bb global_colors_info=\u00a0\u00bb{}\u00a0\u00bb][et_pb_blurb title=\u00a0\u00bb\u00c9ducation\u00a0\u00bb use_icon=\u00a0\u00bbon\u00a0\u00bb font_icon=\u00a0\u00bb&#xf19d;||fa||900&Prime; icon_color=\u00a0\u00bb#D8206D\u00a0\u00bb image_icon_width=\u00a0\u00bb65px\u00a0\u00bb _builder_version=\u00a0\u00bb4.15&Prime; _module_preset=\u00a0\u00bbdefault\u00a0\u00bb header_font=\u00a0\u00bb||||||||\u00a0\u00bb header_text_align=\u00a0\u00bbcenter\u00a0\u00bb header_font_size=\u00a0\u00bb24px\u00a0\u00bb header_line_height=\u00a0\u00bb1.2em\u00a0\u00bb body_font_size=\u00a0\u00bb16px\u00a0\u00bb image_icon_custom_margin=\u00a0\u00bb||0px||false|false\u00a0\u00bb image_icon_custom_padding=\u00a0\u00bb||0px||false|false\u00a0\u00bb text_orientation=\u00a0\u00bbcenter\u00a0\u00bb global_colors_info=\u00a0\u00bb{}\u00a0\u00bb]Nous \u00e9duquons au travers d\u2019intuitive capsule vid\u00e9o, ateliers et cours en ligne.[\/et_pb_blurb][\/et_pb_column][et_pb_column type=\u00a0\u00bb1_4&Prime; _builder_version=\u00a0\u00bb4.15&Prime; _module_preset=\u00a0\u00bbdefault\u00a0\u00bb global_colors_info=\u00a0\u00bb{}\u00a0\u00bb][et_pb_blurb title=\u00a0\u00bbEncadrement\u00a0\u00bb use_icon=\u00a0\u00bbon\u00a0\u00bb font_icon=\u00a0\u00bb&#xf21e;||fa||900&Prime; icon_color=\u00a0\u00bb#D8206D\u00a0\u00bb image_icon_width=\u00a0\u00bb65px\u00a0\u00bb _builder_version=\u00a0\u00bb4.15&Prime; _module_preset=\u00a0\u00bbdefault\u00a0\u00bb header_font=\u00a0\u00bb||||||||\u00a0\u00bb header_text_align=\u00a0\u00bbcenter\u00a0\u00bb header_font_size=\u00a0\u00bb24px\u00a0\u00bb header_line_height=\u00a0\u00bb1.2em\u00a0\u00bb body_font_size=\u00a0\u00bb16px\u00a0\u00bb image_icon_custom_margin=\u00a0\u00bb||0px||false|false\u00a0\u00bb image_icon_custom_padding=\u00a0\u00bb||0px||false|false\u00a0\u00bb text_orientation=\u00a0\u00bbcenter\u00a0\u00bb global_colors_info=\u00a0\u00bb{}\u00a0\u00bb]Nous offrons de l\u2019encadrement adapt\u00e9, ax\u00e9s sur vos objectifs et besoins personnels.[\/et_pb_blurb][\/et_pb_column][et_pb_column type=\u00a0\u00bb1_4&Prime; _builder_version=\u00a0\u00bb4.15&Prime; _module_preset=\u00a0\u00bbdefault\u00a0\u00bb global_colors_info=\u00a0\u00bb{}\u00a0\u00bb][et_pb_blurb title=\u00a0\u00bbCollecte des fonds\u00a0\u00bb use_icon=\u00a0\u00bbon\u00a0\u00bb font_icon=\u00a0\u00bb&#xf4c0;||fa||900&Prime; icon_color=\u00a0\u00bb#D8206D\u00a0\u00bb image_icon_width=\u00a0\u00bb65px\u00a0\u00bb _builder_version=\u00a0\u00bb4.15&Prime; _module_preset=\u00a0\u00bbdefault\u00a0\u00bb header_font=\u00a0\u00bb||||||||\u00a0\u00bb header_text_align=\u00a0\u00bbcenter\u00a0\u00bb header_font_size=\u00a0\u00bb24px\u00a0\u00bb header_line_height=\u00a0\u00bb1.2em\u00a0\u00bb body_font_size=\u00a0\u00bb16px\u00a0\u00bb image_icon_custom_margin=\u00a0\u00bb||0px||false|false\u00a0\u00bb image_icon_custom_padding=\u00a0\u00bb||0px||false|false\u00a0\u00bb text_orientation=\u00a0\u00bbcenter\u00a0\u00bb global_colors_info=\u00a0\u00bb{}\u00a0\u00bb]Nous collectons des fonds pour venir en aide \u00e0 des causes sociales qui nous tiennent \u00e0 c\u0153ur.[\/et_pb_blurb][\/et_pb_column][et_pb_column type=\u00a0\u00bb1_4&Prime; _builder_version=\u00a0\u00bb4.15&Prime; _module_preset=\u00a0\u00bbdefault\u00a0\u00bb global_colors_info=\u00a0\u00bb{}\u00a0\u00bb][et_pb_blurb title=\u00a0\u00bbRessources\u00a0\u00bb use_icon=\u00a0\u00bbon\u00a0\u00bb font_icon=\u00a0\u00bb&#xf21e;||fa||900&Prime; icon_color=\u00a0\u00bb#D8206D\u00a0\u00bb image_icon_width=\u00a0\u00bb65px\u00a0\u00bb _builder_version=\u00a0\u00bb4.15&Prime; _module_preset=\u00a0\u00bbdefault\u00a0\u00bb header_font=\u00a0\u00bb||||||||\u00a0\u00bb header_text_align=\u00a0\u00bbcenter\u00a0\u00bb header_font_size=\u00a0\u00bb24px\u00a0\u00bb header_line_height=\u00a0\u00bb1.2em\u00a0\u00bb body_font_size=\u00a0\u00bb16px\u00a0\u00bb image_icon_custom_margin=\u00a0\u00bb||0px||false|false\u00a0\u00bb image_icon_custom_padding=\u00a0\u00bb||0px||false|false\u00a0\u00bb text_orientation=\u00a0\u00bbcenter\u00a0\u00bb global_colors_info=\u00a0\u00bb{}\u00a0\u00bb]Nous vous aidons \u00e0 trouver les ressources dont vous avez besoin.[\/et_pb_blurb][\/et_pb_column][\/et_pb_row][et_pb_row column_structure=\u00a0\u00bb1_4,1_4,1_4,1_4&Prime; _builder_version=\u00a0\u00bb4.15&Prime; _module_preset=\u00a0\u00bbdefault\u00a0\u00bb global_colors_info=\u00a0\u00bb{}\u00a0\u00bb][et_pb_column type=\u00a0\u00bb1_4&Prime; _builder_version=\u00a0\u00bb4.15&Prime; _module_preset=\u00a0\u00bbdefault\u00a0\u00bb global_colors_info=\u00a0\u00bb{}\u00a0\u00bb][et_pb_blurb title=\u00a0\u00bbCommunaut\u00e9\u00a0\u00bb use_icon=\u00a0\u00bbon\u00a0\u00bb font_icon=\u00a0\u00bb&#xe068;||fa||900&Prime; icon_color=\u00a0\u00bb#D8206D\u00a0\u00bb image_icon_width=\u00a0\u00bb65px\u00a0\u00bb _builder_version=\u00a0\u00bb4.15&Prime; _module_preset=\u00a0\u00bbdefault\u00a0\u00bb header_font=\u00a0\u00bb||||||||\u00a0\u00bb header_text_align=\u00a0\u00bbcenter\u00a0\u00bb header_font_size=\u00a0\u00bb24px\u00a0\u00bb header_line_height=\u00a0\u00bb1.2em\u00a0\u00bb body_font_size=\u00a0\u00bb16px\u00a0\u00bb image_icon_custom_margin=\u00a0\u00bb||0px||false|false\u00a0\u00bb image_icon_custom_padding=\u00a0\u00bb||0px||false|false\u00a0\u00bb text_orientation=\u00a0\u00bbcenter\u00a0\u00bb global_colors_info=\u00a0\u00bb{}\u00a0\u00bb]Nous sommes une communaut\u00e9 avec laquelle vous pouvez connecter.<br \/>\nSuivez-nous sur nos r\u00e9seaux sociaux.[\/et_pb_blurb][\/et_pb_column][et_pb_column type=\u00a0\u00bb1_4&Prime; _builder_version=\u00a0\u00bb4.15&Prime; _module_preset=\u00a0\u00bbdefault\u00a0\u00bb global_colors_info=\u00a0\u00bb{}\u00a0\u00bb][et_pb_blurb title=\u00a0\u00bbEncourager\u00a0\u00bb use_icon=\u00a0\u00bbon\u00a0\u00bb font_icon=\u00a0\u00bb&#xf647;||fa||900&Prime; icon_color=\u00a0\u00bb#D8206D\u00a0\u00bb image_icon_width=\u00a0\u00bb65px\u00a0\u00bb _builder_version=\u00a0\u00bb4.15&Prime; _module_preset=\u00a0\u00bbdefault\u00a0\u00bb header_font=\u00a0\u00bb||||||||\u00a0\u00bb header_text_align=\u00a0\u00bbcenter\u00a0\u00bb header_font_size=\u00a0\u00bb24px\u00a0\u00bb header_line_height=\u00a0\u00bb1.2em\u00a0\u00bb body_font_size=\u00a0\u00bb16px\u00a0\u00bb image_icon_custom_margin=\u00a0\u00bb||0px||false|false\u00a0\u00bb image_icon_custom_padding=\u00a0\u00bb||0px||false|false\u00a0\u00bb text_orientation=\u00a0\u00bbcenter\u00a0\u00bb global_colors_info=\u00a0\u00bb{}\u00a0\u00bb]Nous encourageons au travers de vid\u00e9os, versets bibliques, citations et partage de livres.[\/et_pb_blurb][\/et_pb_column][et_pb_column type=\u00a0\u00bb1_4&Prime; _builder_version=\u00a0\u00bb4.15&Prime; _module_preset=\u00a0\u00bbdefault\u00a0\u00bb global_colors_info=\u00a0\u00bb{}\u00a0\u00bb][et_pb_blurb title=\u00a0\u00bbInnover\u00a0\u00bb use_icon=\u00a0\u00bbon\u00a0\u00bb font_icon=\u00a0\u00bb&#xf0eb;||fa||900&Prime; icon_color=\u00a0\u00bb#D8206D\u00a0\u00bb image_icon_width=\u00a0\u00bb65px\u00a0\u00bb _builder_version=\u00a0\u00bb4.15&Prime; _module_preset=\u00a0\u00bbdefault\u00a0\u00bb header_font=\u00a0\u00bb||||||||\u00a0\u00bb header_text_align=\u00a0\u00bbcenter\u00a0\u00bb header_font_size=\u00a0\u00bb24px\u00a0\u00bb header_line_height=\u00a0\u00bb1.2em\u00a0\u00bb body_font_size=\u00a0\u00bb16px\u00a0\u00bb image_icon_custom_margin=\u00a0\u00bb||0px||false|false\u00a0\u00bb image_icon_custom_padding=\u00a0\u00bb||0px||false|false\u00a0\u00bb text_orientation=\u00a0\u00bbcenter\u00a0\u00bb global_colors_info=\u00a0\u00bb{}\u00a0\u00bb]Nous sommes une \u00e9quipe cr\u00e9ative ax\u00e9e sur la r\u00e9solution de probl\u00e8mes soci\u00e9tale, en constante recherche de moyens pour mieux vous servir et d&rsquo;apporter une lueur de bien-\u00eatre dans le monde.[\/et_pb_blurb][\/et_pb_column][et_pb_column type=\u00a0\u00bb1_4&Prime; _builder_version=\u00a0\u00bb4.15&Prime; _module_preset=\u00a0\u00bbdefault\u00a0\u00bb global_colors_info=\u00a0\u00bb{}\u00a0\u00bb][et_pb_blurb title=\u00a0\u00bbBoutique en ligne\u00a0\u00bb use_icon=\u00a0\u00bbon\u00a0\u00bb font_icon=\u00a0\u00bb&#xf02b;||fa||900&Prime; icon_color=\u00a0\u00bb#D8206D\u00a0\u00bb image_icon_width=\u00a0\u00bb65px\u00a0\u00bb _builder_version=\u00a0\u00bb4.15&Prime; _module_preset=\u00a0\u00bbdefault\u00a0\u00bb header_font=\u00a0\u00bb||||||||\u00a0\u00bb header_text_align=\u00a0\u00bbcenter\u00a0\u00bb header_font_size=\u00a0\u00bb24px\u00a0\u00bb header_line_height=\u00a0\u00bb1.2em\u00a0\u00bb body_font_size=\u00a0\u00bb16px\u00a0\u00bb image_icon_custom_margin=\u00a0\u00bb||0px||false|false\u00a0\u00bb image_icon_custom_padding=\u00a0\u00bb||0px||false|false\u00a0\u00bb text_orientation=\u00a0\u00bbcenter\u00a0\u00bb global_colors_info=\u00a0\u00bb{}\u00a0\u00bb]Nous avons une fabuleuse boutique en ligne, fournissant tout ce dont vous avez besoin pour commencer votre cheminement de bien-\u00eatre.[\/et_pb_blurb][\/et_pb_column][\/et_pb_row][\/et_pb_section][et_pb_section fb_built=\u00a0\u00bb1&Prime; disabled_on=\u00a0\u00bbon|on|on\u00a0\u00bb _builder_version=\u00a0\u00bb4.15&Prime; _module_preset=\u00a0\u00bbdefault\u00a0\u00bb background_color=\u00a0\u00bb#dbd3d8&Prime; background_enable_image=\u00a0\u00bboff\u00a0\u00bb parallax=\u00a0\u00bbon\u00a0\u00bb custom_padding=\u00a0\u00bb49px||100px||false|\u00a0\u00bb disabled=\u00a0\u00bbon\u00a0\u00bb global_colors_info=\u00a0\u00bb{}\u00a0\u00bb][et_pb_row _builder_version=\u00a0\u00bb4.15&Prime; _module_preset=\u00a0\u00bbdefault\u00a0\u00bb global_colors_info=\u00a0\u00bb{}\u00a0\u00bb][et_pb_column type=\u00a0\u00bb4_4&Prime; _builder_version=\u00a0\u00bb4.15&Prime; _module_preset=\u00a0\u00bbdefault\u00a0\u00bb global_colors_info=\u00a0\u00bb{}\u00a0\u00bb][et_pb_text _builder_version=\u00a0\u00bb4.15&Prime; _module_preset=\u00a0\u00bbdefault\u00a0\u00bb header_font=\u00a0\u00bbAveria Serif Libre||||||||\u00a0\u00bb header_2_font=\u00a0\u00bb||||||||\u00a0\u00bb header_2_text_align=\u00a0\u00bbcenter\u00a0\u00bb header_2_font_size=\u00a0\u00bb44px\u00a0\u00bb global_colors_info=\u00a0\u00bb{}\u00a0\u00bb]<\/p>\n<h2>Nos produits<\/h2>\n<p>[\/et_pb_text][\/et_pb_column][\/et_pb_row][et_pb_row column_structure=\u00a0\u00bb1_3,2_3&Prime; _builder_version=\u00a0\u00bb4.15&Prime; _module_preset=\u00a0\u00bbdefault\u00a0\u00bb global_colors_info=\u00a0\u00bb{}\u00a0\u00bb][et_pb_column type=\u00a0\u00bb1_3&Prime; _builder_version=\u00a0\u00bb4.15&Prime; _module_preset=\u00a0\u00bbdefault\u00a0\u00bb global_colors_info=\u00a0\u00bb{}\u00a0\u00bb][et_pb_image src=\u00a0\u00bbhttps:\/\/hopehealingwellness.com\/wp-content\/uploads\/2021\/11\/book_cover.jpeg\u00a0\u00bb title_text=\u00a0\u00bbbook_cover\u00a0\u00bb _builder_version=\u00a0\u00bb4.15&Prime; _module_preset=\u00a0\u00bbdefault\u00a0\u00bb box_shadow_style=\u00a0\u00bbpreset2&Prime; box_shadow_horizontal=\u00a0\u00bb8px\u00a0\u00bb box_shadow_vertical=\u00a0\u00bb14px\u00a0\u00bb box_shadow_blur=\u00a0\u00bb26px\u00a0\u00bb box_shadow_color=\u00a0\u00bbrgba(0,0,0,0.22)\u00a0\u00bb global_colors_info=\u00a0\u00bb{}\u00a0\u00bb][\/et_pb_image][\/et_pb_column][et_pb_column type=\u00a0\u00bb2_3&Prime; _builder_version=\u00a0\u00bb4.15&Prime; _module_preset=\u00a0\u00bbdefault\u00a0\u00bb global_colors_info=\u00a0\u00bb{}\u00a0\u00bb][\/et_pb_column][\/et_pb_row][\/et_pb_section]<\/p>\n","protected":false},"excerpt":{"rendered":"<p>Construire un environnement sain; favorisant la sant\u00e9 de votre corps, \u00e2me et esprit.L&rsquo;illumination n&rsquo;est pas qu&rsquo;un simple \u00e9tat d&rsquo;esprit. L&rsquo;illumination est l&rsquo;acte de recevoir des connaissances et de les comprendre. Nous avons tous des zones grise dans nos vies o\u00f9 nous aurions appr\u00e9ci\u00e9 recevoir un peu d&rsquo;aide pour mieux comprendre ce qui nous semble flou. [&hellip;]<\/p>\n","protected":false},"author":1,"featured_media":0,"parent":0,"menu_order":0,"comment_status":"closed","ping_status":"closed","template":"","meta":{"_et_pb_use_builder":"on","_et_pb_old_content":"","_et_gb_content_width":"","footnotes":""},"class_list":["post-299","page","type-page","status-publish","hentry"],"yoast_head":"<!-- This site is optimized with the Yoast SEO plugin v27.4 - https:\/\/yoast.com\/product\/yoast-seo-wordpress\/ -->\n<title>Accueil - Hope Healing Wellness<\/title>\n<meta name=\"robots\" content=\"index, follow, max-snippet:-1, max-image-preview:large, max-video-preview:-1\" \/>\n<link rel=\"canonical\" href=\"https:\/\/hopehealingwellness.com\/fr\/\" \/>\n<meta property=\"og:locale\" content=\"fr_FR\" \/>\n<meta property=\"og:type\" content=\"article\" \/>\n<meta property=\"og:title\" content=\"Accueil - Hope Healing Wellness\" \/>\n<meta property=\"og:description\" content=\"Construire un environnement sain; favorisant la sant\u00e9 de votre corps, \u00e2me et esprit.L&#039;illumination n&#039;est pas qu&#039;un simple \u00e9tat d&#039;esprit. L&#039;illumination est l&#039;acte de recevoir des connaissances et de les comprendre. Nous avons tous des zones grise dans nos vies o\u00f9 nous aurions appr\u00e9ci\u00e9 recevoir un peu d&#039;aide pour mieux comprendre ce qui nous semble flou. [&hellip;]\" \/>\n<meta property=\"og:url\" content=\"https:\/\/hopehealingwellness.com\/fr\/\" \/>\n<meta property=\"og:site_name\" content=\"Hope Healing Wellness\" \/>\n<meta property=\"article:modified_time\" content=\"2022-03-31T21:21:26+00:00\" \/>\n<meta name=\"twitter:card\" content=\"summary_large_image\" \/>\n<meta name=\"twitter:label1\" content=\"Dur\u00e9e de lecture estim\u00e9e\" \/>\n\t<meta name=\"twitter:data1\" content=\"8 minutes\" \/>\n<script type=\"application\/ld+json\" class=\"yoast-schema-graph\">{\"@context\":\"https:\\\/\\\/schema.org\",\"@graph\":[{\"@type\":\"WebPage\",\"@id\":\"https:\\\/\\\/hopehealingwellness.com\\\/fr\\\/\",\"url\":\"https:\\\/\\\/hopehealingwellness.com\\\/fr\\\/\",\"name\":\"Accueil - Hope Healing Wellness\",\"isPartOf\":{\"@id\":\"https:\\\/\\\/hopehealingwellness.com\\\/fr\\\/#website\"},\"datePublished\":\"2022-01-17T23:42:15+00:00\",\"dateModified\":\"2022-03-31T21:21:26+00:00\",\"breadcrumb\":{\"@id\":\"https:\\\/\\\/hopehealingwellness.com\\\/fr\\\/#breadcrumb\"},\"inLanguage\":\"fr-FR\",\"potentialAction\":[{\"@type\":\"ReadAction\",\"target\":[\"https:\\\/\\\/hopehealingwellness.com\\\/fr\\\/\"]}]},{\"@type\":\"BreadcrumbList\",\"@id\":\"https:\\\/\\\/hopehealingwellness.com\\\/fr\\\/#breadcrumb\",\"itemListElement\":[{\"@type\":\"ListItem\",\"position\":1,\"name\":\"Home\",\"item\":\"https:\\\/\\\/hopehealingwellness.com\\\/fr\\\/\"},{\"@type\":\"ListItem\",\"position\":2,\"name\":\"Accueil\"}]},{\"@type\":\"WebSite\",\"@id\":\"https:\\\/\\\/hopehealingwellness.com\\\/fr\\\/#website\",\"url\":\"https:\\\/\\\/hopehealingwellness.com\\\/fr\\\/\",\"name\":\"Hope Healing Wellness\",\"description\":\"\",\"potentialAction\":[{\"@type\":\"SearchAction\",\"target\":{\"@type\":\"EntryPoint\",\"urlTemplate\":\"https:\\\/\\\/hopehealingwellness.com\\\/fr\\\/?s={search_term_string}\"},\"query-input\":{\"@type\":\"PropertyValueSpecification\",\"valueRequired\":true,\"valueName\":\"search_term_string\"}}],\"inLanguage\":\"fr-FR\"}]}<\/script>\n<!-- \/ Yoast SEO plugin. -->","yoast_head_json":{"title":"Accueil - Hope Healing Wellness","robots":{"index":"index","follow":"follow","max-snippet":"max-snippet:-1","max-image-preview":"max-image-preview:large","max-video-preview":"max-video-preview:-1"},"canonical":"https:\/\/hopehealingwellness.com\/fr\/","og_locale":"fr_FR","og_type":"article","og_title":"Accueil - Hope Healing Wellness","og_description":"Construire un environnement sain; favorisant la sant\u00e9 de votre corps, \u00e2me et esprit.L'illumination n'est pas qu'un simple \u00e9tat d'esprit. L'illumination est l'acte de recevoir des connaissances et de les comprendre. Nous avons tous des zones grise dans nos vies o\u00f9 nous aurions appr\u00e9ci\u00e9 recevoir un peu d'aide pour mieux comprendre ce qui nous semble flou. [&hellip;]","og_url":"https:\/\/hopehealingwellness.com\/fr\/","og_site_name":"Hope Healing Wellness","article_modified_time":"2022-03-31T21:21:26+00:00","twitter_card":"summary_large_image","twitter_misc":{"Dur\u00e9e de lecture estim\u00e9e":"8 minutes"},"schema":{"@context":"https:\/\/schema.org","@graph":[{"@type":"WebPage","@id":"https:\/\/hopehealingwellness.com\/fr\/","url":"https:\/\/hopehealingwellness.com\/fr\/","name":"Accueil - Hope Healing Wellness","isPartOf":{"@id":"https:\/\/hopehealingwellness.com\/fr\/#website"},"datePublished":"2022-01-17T23:42:15+00:00","dateModified":"2022-03-31T21:21:26+00:00","breadcrumb":{"@id":"https:\/\/hopehealingwellness.com\/fr\/#breadcrumb"},"inLanguage":"fr-FR","potentialAction":[{"@type":"ReadAction","target":["https:\/\/hopehealingwellness.com\/fr\/"]}]},{"@type":"BreadcrumbList","@id":"https:\/\/hopehealingwellness.com\/fr\/#breadcrumb","itemListElement":[{"@type":"ListItem","position":1,"name":"Home","item":"https:\/\/hopehealingwellness.com\/fr\/"},{"@type":"ListItem","position":2,"name":"Accueil"}]},{"@type":"WebSite","@id":"https:\/\/hopehealingwellness.com\/fr\/#website","url":"https:\/\/hopehealingwellness.com\/fr\/","name":"Hope Healing Wellness","description":"","potentialAction":[{"@type":"SearchAction","target":{"@type":"EntryPoint","urlTemplate":"https:\/\/hopehealingwellness.com\/fr\/?s={search_term_string}"},"query-input":{"@type":"PropertyValueSpecification","valueRequired":true,"valueName":"search_term_string"}}],"inLanguage":"fr-FR"}]}},"_links":{"self":[{"href":"https:\/\/hopehealingwellness.com\/fr\/wp-json\/wp\/v2\/pages\/299","targetHints":{"allow":["GET"]}}],"collection":[{"href":"https:\/\/hopehealingwellness.com\/fr\/wp-json\/wp\/v2\/pages"}],"about":[{"href":"https:\/\/hopehealingwellness.com\/fr\/wp-json\/wp\/v2\/types\/page"}],"author":[{"embeddable":true,"href":"https:\/\/hopehealingwellness.com\/fr\/wp-json\/wp\/v2\/users\/1"}],"replies":[{"embeddable":true,"href":"https:\/\/hopehealingwellness.com\/fr\/wp-json\/wp\/v2\/comments?post=299"}],"version-history":[{"count":18,"href":"https:\/\/hopehealingwellness.com\/fr\/wp-json\/wp\/v2\/pages\/299\/revisions"}],"predecessor-version":[{"id":465,"href":"https:\/\/hopehealingwellness.com\/fr\/wp-json\/wp\/v2\/pages\/299\/revisions\/465"}],"wp:attachment":[{"href":"https:\/\/hopehealingwellness.com\/fr\/wp-json\/wp\/v2\/media?parent=299"}],"curies":[{"name":"wp","href":"https:\/\/api.w.org\/{rel}","templated":true}]}}