{"id":330,"date":"2022-01-17T20:37:40","date_gmt":"2022-01-18T01:37:40","guid":{"rendered":"https:\/\/hopehealingwellness.com\/besoin-daide\/"},"modified":"2022-03-25T14:19:41","modified_gmt":"2022-03-25T18:19:41","slug":"trouver-de-l-aide","status":"publish","type":"page","link":"https:\/\/hopehealingwellness.com\/fr\/trouver-de-l-aide\/","title":{"rendered":"Trouver de l&rsquo;aide"},"content":{"rendered":"<p>[et_pb_section fb_built=\u00a0\u00bb1&Prime; _builder_version=\u00a0\u00bb4.15&Prime; _module_preset=\u00a0\u00bbdefault\u00a0\u00bb custom_padding=\u00a0\u00bb||3px|||\u00a0\u00bb global_colors_info=\u00a0\u00bb{}\u00a0\u00bb][et_pb_row _builder_version=\u00a0\u00bb4.15&Prime; _module_preset=\u00a0\u00bbdefault\u00a0\u00bb global_colors_info=\u00a0\u00bb{}\u00a0\u00bb][et_pb_column type=\u00a0\u00bb4_4&Prime; _builder_version=\u00a0\u00bb4.15&Prime; _module_preset=\u00a0\u00bbdefault\u00a0\u00bb global_colors_info=\u00a0\u00bb{}\u00a0\u00bb][et_pb_post_title meta=\u00a0\u00bboff\u00a0\u00bb featured_image=\u00a0\u00bboff\u00a0\u00bb _builder_version=\u00a0\u00bb4.15&Prime; _module_preset=\u00a0\u00bbdefault\u00a0\u00bb title_text_align=\u00a0\u00bbcenter\u00a0\u00bb title_font_size=\u00a0\u00bb53px\u00a0\u00bb global_colors_info=\u00a0\u00bb{}\u00a0\u00bb][\/et_pb_post_title][et_pb_divider divider_weight=\u00a0\u00bb4px\u00a0\u00bb _builder_version=\u00a0\u00bb4.15&Prime; _module_preset=\u00a0\u00bbdefault\u00a0\u00bb width=\u00a0\u00bb8%\u00a0\u00bb module_alignment=\u00a0\u00bbcenter\u00a0\u00bb global_colors_info=\u00a0\u00bb{}\u00a0\u00bb][\/et_pb_divider][\/et_pb_column][\/et_pb_row][\/et_pb_section][et_pb_section fb_built=\u00a0\u00bb1&Prime; _builder_version=\u00a0\u00bb4.15&Prime; _module_preset=\u00a0\u00bbdefault\u00a0\u00bb background_color=\u00a0\u00bb#000000&Prime; background_image=\u00a0\u00bbhttps:\/\/hopehealingwellness.com\/wp-content\/uploads\/2021\/12\/slide7.jpeg\u00a0\u00bb parallax=\u00a0\u00bbon\u00a0\u00bb custom_padding=\u00a0\u00bb100px||100px||true|\u00a0\u00bb global_colors_info=\u00a0\u00bb{}\u00a0\u00bb][et_pb_row _builder_version=\u00a0\u00bb4.15&Prime; _module_preset=\u00a0\u00bbdefault\u00a0\u00bb global_colors_info=\u00a0\u00bb{}\u00a0\u00bb][et_pb_column type=\u00a0\u00bb4_4&Prime; _builder_version=\u00a0\u00bb4.15&Prime; _module_preset=\u00a0\u00bbdefault\u00a0\u00bb global_colors_info=\u00a0\u00bb{}\u00a0\u00bb][et_pb_text _builder_version=\u00a0\u00bb4.15&Prime; _module_preset=\u00a0\u00bbdefault\u00a0\u00bb header_2_font=\u00a0\u00bb||||||||\u00a0\u00bb header_2_text_align=\u00a0\u00bbcenter\u00a0\u00bb header_2_text_color=\u00a0\u00bb#223843&Prime; header_2_font_size=\u00a0\u00bb40px\u00a0\u00bb global_colors_info=\u00a0\u00bb{}\u00a0\u00bb]<\/p>\n<h2>Nos services<\/h2>\n<p>[\/et_pb_text][\/et_pb_column][\/et_pb_row][et_pb_row column_structure=\u00a0\u00bb1_3,1_3,1_3&Prime; _builder_version=\u00a0\u00bb4.15&Prime; _module_preset=\u00a0\u00bbdefault\u00a0\u00bb global_colors_info=\u00a0\u00bb{}\u00a0\u00bb][et_pb_column type=\u00a0\u00bb1_3&Prime; _builder_version=\u00a0\u00bb4.15&Prime; _module_preset=\u00a0\u00bbdefault\u00a0\u00bb global_colors_info=\u00a0\u00bb{}\u00a0\u00bb][et_pb_blurb title=\u00a0\u00bbCounselling chr\u00e9tien\u00a0\u00bb use_icon=\u00a0\u00bbon\u00a0\u00bb font_icon=\u00a0\u00bb&#xe037;||divi||400&Prime; _builder_version=\u00a0\u00bb4.15&Prime; _module_preset=\u00a0\u00bbdefault\u00a0\u00bb header_text_align=\u00a0\u00bbcenter\u00a0\u00bb header_text_color=\u00a0\u00bb#D8B4A0&Prime; header_font_size=\u00a0\u00bb24px\u00a0\u00bb body_text_align=\u00a0\u00bbcenter\u00a0\u00bb body_text_color=\u00a0\u00bb#DBD3D8&Prime; body_font_size=\u00a0\u00bb16px\u00a0\u00bb body_line_height=\u00a0\u00bb1.3em\u00a0\u00bb background_color=\u00a0\u00bbrgba(34,56,67,0.95)\u00a0\u00bb height_tablet=\u00a0\u00bb470px\u00a0\u00bb height_phone=\u00a0\u00bb470px\u00a0\u00bb height_last_edited=\u00a0\u00bbon|desktop\u00a0\u00bb custom_padding=\u00a0\u00bb35px|30px|35px|30px|true|true\u00a0\u00bb hover_enabled=\u00a0\u00bb0&Prime; global_colors_info=\u00a0\u00bb{}\u00a0\u00bb min_height=\u00a0\u00bb530px\u00a0\u00bb max_height=\u00a0\u00bb600px\u00a0\u00bb]<\/p>\n<p>Avez-vous besoin de conseils spirituels? Avez-vous le d\u00e9sir de vous rapprocher de Dieu, mais ne savez pas comment, ou par o\u00f9 commencer ? Avez-vous besoin de paix int\u00e9rieure? Recevez des conseils d&rsquo;un point de vue chr\u00e9tien avec des principes bibliques. Rencontrez l&rsquo;un de nos conseillers spirituels qui vous aidera \u00e0 naviguer au travers de vos d\u00e9fis de vie.\n<\/p>\n<p>[\/et_pb_blurb][\/et_pb_column][et_pb_column type=\u00a0\u00bb1_3&Prime; _builder_version=\u00a0\u00bb4.15&Prime; _module_preset=\u00a0\u00bbdefault\u00a0\u00bb global_colors_info=\u00a0\u00bb{}\u00a0\u00bb][et_pb_blurb title=\u00a0\u00bbCoaching de vie\u00a0\u00bb use_icon=\u00a0\u00bbon\u00a0\u00bb font_icon=\u00a0\u00bb&#xf007;||fa||400&Prime; _builder_version=\u00a0\u00bb4.15.1&Prime; _module_preset=\u00a0\u00bbdefault\u00a0\u00bb header_text_align=\u00a0\u00bbcenter\u00a0\u00bb header_text_color=\u00a0\u00bb#D8B4A0&Prime; header_font_size=\u00a0\u00bb24px\u00a0\u00bb body_text_align=\u00a0\u00bbcenter\u00a0\u00bb body_text_color=\u00a0\u00bb#DBD3D8&Prime; body_font_size=\u00a0\u00bb16px\u00a0\u00bb body_line_height=\u00a0\u00bb1.3em\u00a0\u00bb background_color=\u00a0\u00bbrgba(34,56,67,0.95)\u00a0\u00bb height_tablet=\u00a0\u00bb470px\u00a0\u00bb height_phone=\u00a0\u00bb470px\u00a0\u00bb height_last_edited=\u00a0\u00bbon|desktop\u00a0\u00bb custom_padding=\u00a0\u00bb35px|30px|35px|30px|true|true\u00a0\u00bb hover_enabled=\u00a0\u00bb0&Prime; global_colors_info=\u00a0\u00bb{}\u00a0\u00bb sticky_enabled=\u00a0\u00bb0&Prime; min_height=\u00a0\u00bb530px\u00a0\u00bb max_height=\u00a0\u00bb600px\u00a0\u00bb]<\/p>\n<p>Vous avez besoin d&rsquo;aide pour trouver votre raison d\u2019\u00eatre? Avez-vous besoin d&rsquo;aide pour construire votre plan de mieux-\u00eatre ? Ou peut-\u00eatre avez-vous simplement besoin d&rsquo;un coup de main pour reprendre votre vie en main ? Rencontrez l&rsquo;un de nos coachs de vie exceptionnelle qui vous aidera \u00e0 b\u00e2tir une strat\u00e9gie de r\u00e9ussite, adapt\u00e9e \u00e0 vos besoins et \u00e0 vos objectifs.<\/p>\n<p>[\/et_pb_blurb][\/et_pb_column][et_pb_column type=\u00a0\u00bb1_3&Prime; _builder_version=\u00a0\u00bb4.15&Prime; _module_preset=\u00a0\u00bbdefault\u00a0\u00bb global_colors_info=\u00a0\u00bb{}\u00a0\u00bb][et_pb_blurb title=\u00a0\u00bbTh\u00e9rapie\u00a0\u00bb use_icon=\u00a0\u00bbon\u00a0\u00bb font_icon=\u00a0\u00bb&#xf5a0;||fa||900&Prime; _builder_version=\u00a0\u00bb4.15.1&Prime; _module_preset=\u00a0\u00bbdefault\u00a0\u00bb header_text_align=\u00a0\u00bbcenter\u00a0\u00bb header_text_color=\u00a0\u00bb#D8B4A0&Prime; header_font_size=\u00a0\u00bb24px\u00a0\u00bb body_text_align=\u00a0\u00bbcenter\u00a0\u00bb body_text_color=\u00a0\u00bb#DBD3D8&Prime; body_font_size=\u00a0\u00bb16px\u00a0\u00bb body_line_height=\u00a0\u00bb1.3em\u00a0\u00bb background_color=\u00a0\u00bbrgba(34,56,67,0.95)\u00a0\u00bb height_tablet=\u00a0\u00bb470px\u00a0\u00bb height_phone=\u00a0\u00bb470px\u00a0\u00bb height_last_edited=\u00a0\u00bbon|desktop\u00a0\u00bb custom_padding=\u00a0\u00bb35px|30px|35px|30px|true|true\u00a0\u00bb hover_enabled=\u00a0\u00bb0&Prime; global_colors_info=\u00a0\u00bb{}\u00a0\u00bb max_height=\u00a0\u00bb600px\u00a0\u00bb sticky_enabled=\u00a0\u00bb0&Prime; min_height=\u00a0\u00bb530px\u00a0\u00bb]<\/p>\n<p>Vous ne vous sentez pas bien \u00e0 l&rsquo;int\u00e9rieur, mais ne savez pas ce qu\u2019il se passe? Vous avez besoin d&rsquo;aide pour gu\u00e9rir de votre pass\u00e9, mais vous ne savez pas par o\u00f9 commencer ? Vous avez besoin d&rsquo;aide pour construire une strat\u00e9gie pour surmonter les blocages de vie qui vous paralyse ? Rencontrez l&rsquo;un de nos psychologues ou psychoth\u00e9rapeutes exceptionnels qui sauront vous accompagnez au long de votre journ\u00e9e.<\/p>\n<p>[\/et_pb_blurb][\/et_pb_column][\/et_pb_row][et_pb_row column_structure=\u00a0\u00bb1_3,1_3,1_3&Prime; _builder_version=\u00a0\u00bb4.15&Prime; _module_preset=\u00a0\u00bbdefault\u00a0\u00bb global_colors_info=\u00a0\u00bb{}\u00a0\u00bb][et_pb_column type=\u00a0\u00bb1_3&Prime; _builder_version=\u00a0\u00bb4.15&Prime; _module_preset=\u00a0\u00bbdefault\u00a0\u00bb global_colors_info=\u00a0\u00bb{}\u00a0\u00bb][et_pb_blurb title=\u00a0\u00bbConseils alimentaires\u00a0\u00bb use_icon=\u00a0\u00bbon\u00a0\u00bb font_icon=\u00a0\u00bb&#xe0e3;||divi||400&Prime; _builder_version=\u00a0\u00bb4.15&Prime; _module_preset=\u00a0\u00bbdefault\u00a0\u00bb header_text_align=\u00a0\u00bbcenter\u00a0\u00bb header_text_color=\u00a0\u00bb#D8B4A0&Prime; header_font_size=\u00a0\u00bb24px\u00a0\u00bb body_text_align=\u00a0\u00bbcenter\u00a0\u00bb body_text_color=\u00a0\u00bb#DBD3D8&Prime; body_font_size=\u00a0\u00bb16px\u00a0\u00bb body_line_height=\u00a0\u00bb1.3em\u00a0\u00bb background_color=\u00a0\u00bbrgba(34,56,67,0.95)\u00a0\u00bb height_tablet=\u00a0\u00bb470px\u00a0\u00bb height_phone=\u00a0\u00bb470px\u00a0\u00bb height_last_edited=\u00a0\u00bbon|desktop\u00a0\u00bb custom_padding=\u00a0\u00bb35px|30px|35px|30px|true|true\u00a0\u00bb hover_enabled=\u00a0\u00bb0&Prime; global_colors_info=\u00a0\u00bb{}\u00a0\u00bb min_height=\u00a0\u00bb530px\u00a0\u00bb max_height=\u00a0\u00bb600px\u00a0\u00bb]<\/p>\n<p>Avez-vous besoin d&rsquo;aide pour gagner plus d&rsquo;\u00e9nergie? Souhaitez-vous int\u00e9grer une alimentation plus saine dans votre quotidien ? Avez-vous besoin de conseils concernant l&rsquo;alimentation en g\u00e9n\u00e9ral ? Rencontrez l&rsquo;un de nos professionnels qui sauront vous aider.\n<\/p>\n<p>[\/et_pb_blurb][\/et_pb_column][et_pb_column type=\u00a0\u00bb1_3&Prime; _builder_version=\u00a0\u00bb4.15&Prime; _module_preset=\u00a0\u00bbdefault\u00a0\u00bb global_colors_info=\u00a0\u00bb{}\u00a0\u00bb][et_pb_blurb title=\u00a0\u00bbEntra\u00eenement physique en ligne\u00a0\u00bb use_icon=\u00a0\u00bbon\u00a0\u00bb font_icon=\u00a0\u00bb&#xe009;||divi||400&Prime; _builder_version=\u00a0\u00bb4.15&Prime; _module_preset=\u00a0\u00bbdefault\u00a0\u00bb header_text_align=\u00a0\u00bbcenter\u00a0\u00bb header_text_color=\u00a0\u00bb#D8B4A0&Prime; header_font_size=\u00a0\u00bb24px\u00a0\u00bb body_text_align=\u00a0\u00bbcenter\u00a0\u00bb body_text_color=\u00a0\u00bb#DBD3D8&Prime; body_font_size=\u00a0\u00bb16px\u00a0\u00bb body_line_height=\u00a0\u00bb1.3em\u00a0\u00bb background_color=\u00a0\u00bbrgba(34,56,67,0.95)\u00a0\u00bb height_tablet=\u00a0\u00bb470px\u00a0\u00bb height_phone=\u00a0\u00bb470px\u00a0\u00bb height_last_edited=\u00a0\u00bbon|desktop\u00a0\u00bb custom_padding=\u00a0\u00bb35px|30px|35px|30px|true|true\u00a0\u00bb hover_enabled=\u00a0\u00bb0&Prime; global_colors_info=\u00a0\u00bb{}\u00a0\u00bb min_height=\u00a0\u00bb530px\u00a0\u00bb max_height=\u00a0\u00bb600px\u00a0\u00bb]<\/p>\n<p>Vous avez toujours voulu perdre du poids, mais vous ne savez pas par o\u00f9 commencer ? Ou peut-\u00eatre voulez-vous gagner un poids sant\u00e9, mais ne savez pas comment vous y prendre ? Vous souhaitez vous remettre en forme, mais ne savez pas par o\u00f9 commencer ? Rencontrez l&rsquo;un de nos entra\u00eeneurs physiques professionnels qui vous aideront \u00e0 construire un plan personnalis\u00e9.<\/p>\n<p>[\/et_pb_blurb][\/et_pb_column][et_pb_column type=\u00a0\u00bb1_3&Prime; _builder_version=\u00a0\u00bb4.15&Prime; _module_preset=\u00a0\u00bbdefault\u00a0\u00bb global_colors_info=\u00a0\u00bb{}\u00a0\u00bb][et_pb_blurb title=\u00a0\u00bbBoutique en ligne\u00a0\u00bb use_icon=\u00a0\u00bbon\u00a0\u00bb font_icon=\u00a0\u00bb&#xe007;||divi||400&Prime; _builder_version=\u00a0\u00bb4.15&Prime; _module_preset=\u00a0\u00bbdefault\u00a0\u00bb header_text_align=\u00a0\u00bbcenter\u00a0\u00bb header_text_color=\u00a0\u00bb#D8B4A0&Prime; header_font_size=\u00a0\u00bb24px\u00a0\u00bb body_text_align=\u00a0\u00bbcenter\u00a0\u00bb body_text_color=\u00a0\u00bb#DBD3D8&Prime; body_font_size=\u00a0\u00bb16px\u00a0\u00bb body_line_height=\u00a0\u00bb1.3em\u00a0\u00bb background_color=\u00a0\u00bbrgba(34,56,67,0.95)\u00a0\u00bb height_tablet=\u00a0\u00bb470px\u00a0\u00bb height_phone=\u00a0\u00bb470px\u00a0\u00bb height_last_edited=\u00a0\u00bbon|desktop\u00a0\u00bb custom_padding=\u00a0\u00bb35px|30px|35px|30px|true|true\u00a0\u00bb hover_enabled=\u00a0\u00bb0&Prime; global_colors_info=\u00a0\u00bb{}\u00a0\u00bb min_height=\u00a0\u00bb530px\u00a0\u00bb max_height=\u00a0\u00bb600px\u00a0\u00bb]Vous recherchez des outils qui pourraient vous aider dans votre parcours de bien-\u00eatre ? Visitez notre unique boutique en ligne pour d\u00e9couvrir nos livres et plus encore.[\/et_pb_blurb][\/et_pb_column][\/et_pb_row][\/et_pb_section][et_pb_section fb_built=\u00a0\u00bb1&Prime; disabled_on=\u00a0\u00bboff|off|off\u00a0\u00bb _builder_version=\u00a0\u00bb4.15&Prime; _module_preset=\u00a0\u00bbdefault\u00a0\u00bb global_colors_info=\u00a0\u00bb{}\u00a0\u00bb][et_pb_row _builder_version=\u00a0\u00bb4.15&Prime; _module_preset=\u00a0\u00bbdefault\u00a0\u00bb global_colors_info=\u00a0\u00bb{}\u00a0\u00bb][et_pb_column type=\u00a0\u00bb4_4&Prime; _builder_version=\u00a0\u00bb4.15&Prime; _module_preset=\u00a0\u00bbdefault\u00a0\u00bb global_colors_info=\u00a0\u00bb{}\u00a0\u00bb][et_pb_text _builder_version=\u00a0\u00bb4.15&Prime; _module_preset=\u00a0\u00bbdefault\u00a0\u00bb header_2_font=\u00a0\u00bb||||||||\u00a0\u00bb header_2_text_align=\u00a0\u00bbcenter\u00a0\u00bb header_2_text_color=\u00a0\u00bb#223843&Prime; header_2_font_size=\u00a0\u00bb40px\u00a0\u00bb global_colors_info=\u00a0\u00bb{}\u00a0\u00bb]<\/p>\n<h2>Notre \u00e9quipe<\/h2>\n<p>[\/et_pb_text][\/et_pb_column][\/et_pb_row][et_pb_row column_structure=\u00a0\u00bb1_3,1_3,1_3&Prime; _builder_version=\u00a0\u00bb4.15&Prime; _module_preset=\u00a0\u00bbdefault\u00a0\u00bb global_colors_info=\u00a0\u00bb{}\u00a0\u00bb][et_pb_column type=\u00a0\u00bb1_3&Prime; _builder_version=\u00a0\u00bb4.15&Prime; _module_preset=\u00a0\u00bbdefault\u00a0\u00bb global_colors_info=\u00a0\u00bb{}\u00a0\u00bb][et_pb_team_member name=\u00a0\u00bbKetsia Morand\u00a0\u00bb image_url=\u00a0\u00bbhttps:\/\/hopehealingwellness.com\/wp-content\/uploads\/2021\/12\/km.jpg\u00a0\u00bb _builder_version=\u00a0\u00bb4.15.1&Prime; _module_preset=\u00a0\u00bbdefault\u00a0\u00bb header_font_size=\u00a0\u00bb24px\u00a0\u00bb header_line_height=\u00a0\u00bb1.4em\u00a0\u00bb custom_margin=\u00a0\u00bb||30px||false|false\u00a0\u00bb custom_css_member_image=\u00a0\u00bbmargin-bottom: 25px\u00a0\u00bb border_color_all_image=\u00a0\u00bb#D77A61&Prime; box_shadow_style_image=\u00a0\u00bbpreset4&Prime; box_shadow_color_image=\u00a0\u00bb#D8B4A0&Prime; global_colors_info=\u00a0\u00bb{}\u00a0\u00bb][\/et_pb_team_member][\/et_pb_column][et_pb_column type=\u00a0\u00bb1_3&Prime; _builder_version=\u00a0\u00bb4.15&Prime; _module_preset=\u00a0\u00bbdefault\u00a0\u00bb global_colors_info=\u00a0\u00bb{}\u00a0\u00bb][et_pb_team_member name=\u00a0\u00bbFrancesca S\u00a0\u00bb image_url=\u00a0\u00bbhttps:\/\/hopehealingwellness.com\/wp-content\/uploads\/2022\/03\/Francesca-S.jpeg\u00a0\u00bb _builder_version=\u00a0\u00bb4.15.1&Prime; _module_preset=\u00a0\u00bbdefault\u00a0\u00bb header_font_size=\u00a0\u00bb24px\u00a0\u00bb header_line_height=\u00a0\u00bb1.4em\u00a0\u00bb custom_margin=\u00a0\u00bb||30px||false|false\u00a0\u00bb custom_css_member_image=\u00a0\u00bbmargin-bottom: 25px\u00a0\u00bb border_color_all_image=\u00a0\u00bb#D77A61&Prime; box_shadow_style_image=\u00a0\u00bbpreset4&Prime; box_shadow_color_image=\u00a0\u00bb#D8B4A0&Prime; global_colors_info=\u00a0\u00bb{}\u00a0\u00bb][\/et_pb_team_member][\/et_pb_column][et_pb_column type=\u00a0\u00bb1_3&Prime; _builder_version=\u00a0\u00bb4.15&Prime; _module_preset=\u00a0\u00bbdefault\u00a0\u00bb global_colors_info=\u00a0\u00bb{}\u00a0\u00bb][\/et_pb_column][\/et_pb_row][\/et_pb_section]<\/p>\n","protected":false},"excerpt":{"rendered":"<p>Nos servicesAvez-vous besoin de conseils spirituels? Avez-vous le d\u00e9sir de vous rapprocher de Dieu, mais ne savez pas comment, ou par o\u00f9 commencer ? Avez-vous besoin de paix int\u00e9rieure? Recevez des conseils d&rsquo;un point de vue chr\u00e9tien avec des principes bibliques. Rencontrez l&rsquo;un de nos conseillers spirituels qui vous aidera \u00e0 naviguer au travers de [&hellip;]<\/p>\n","protected":false},"author":1,"featured_media":0,"parent":0,"menu_order":0,"comment_status":"closed","ping_status":"closed","template":"","meta":{"_et_pb_use_builder":"on","_et_pb_old_content":"","_et_gb_content_width":"","footnotes":""},"class_list":["post-330","page","type-page","status-publish","hentry"],"yoast_head":"<!-- This site is optimized with the Yoast SEO plugin v27.4 - https:\/\/yoast.com\/product\/yoast-seo-wordpress\/ -->\n<title>Trouver de l&#039;aide - Hope Healing Wellness<\/title>\n<meta name=\"robots\" content=\"index, follow, max-snippet:-1, max-image-preview:large, max-video-preview:-1\" \/>\n<link rel=\"canonical\" href=\"https:\/\/hopehealingwellness.com\/fr\/trouver-de-l-aide\/\" \/>\n<meta property=\"og:locale\" content=\"fr_FR\" \/>\n<meta property=\"og:type\" content=\"article\" \/>\n<meta property=\"og:title\" content=\"Trouver de l&#039;aide - Hope Healing Wellness\" \/>\n<meta property=\"og:description\" content=\"Nos servicesAvez-vous besoin de conseils spirituels? Avez-vous le d\u00e9sir de vous rapprocher de Dieu, mais ne savez pas comment, ou par o\u00f9 commencer ? Avez-vous besoin de paix int\u00e9rieure? Recevez des conseils d&#039;un point de vue chr\u00e9tien avec des principes bibliques. Rencontrez l&#039;un de nos conseillers spirituels qui vous aidera \u00e0 naviguer au travers de [&hellip;]\" \/>\n<meta property=\"og:url\" content=\"https:\/\/hopehealingwellness.com\/fr\/trouver-de-l-aide\/\" \/>\n<meta property=\"og:site_name\" content=\"Hope Healing Wellness\" \/>\n<meta property=\"article:modified_time\" content=\"2022-03-25T18:19:41+00:00\" \/>\n<meta name=\"twitter:card\" content=\"summary_large_image\" \/>\n<meta name=\"twitter:label1\" content=\"Dur\u00e9e de lecture estim\u00e9e\" \/>\n\t<meta name=\"twitter:data1\" content=\"3 minutes\" \/>\n<script type=\"application\/ld+json\" class=\"yoast-schema-graph\">{\"@context\":\"https:\\\/\\\/schema.org\",\"@graph\":[{\"@type\":\"WebPage\",\"@id\":\"https:\\\/\\\/hopehealingwellness.com\\\/fr\\\/trouver-de-l-aide\\\/\",\"url\":\"https:\\\/\\\/hopehealingwellness.com\\\/fr\\\/trouver-de-l-aide\\\/\",\"name\":\"Trouver de l'aide - Hope Healing Wellness\",\"isPartOf\":{\"@id\":\"https:\\\/\\\/hopehealingwellness.com\\\/fr\\\/#website\"},\"datePublished\":\"2022-01-18T01:37:40+00:00\",\"dateModified\":\"2022-03-25T18:19:41+00:00\",\"breadcrumb\":{\"@id\":\"https:\\\/\\\/hopehealingwellness.com\\\/fr\\\/trouver-de-l-aide\\\/#breadcrumb\"},\"inLanguage\":\"fr-FR\",\"potentialAction\":[{\"@type\":\"ReadAction\",\"target\":[\"https:\\\/\\\/hopehealingwellness.com\\\/fr\\\/trouver-de-l-aide\\\/\"]}]},{\"@type\":\"BreadcrumbList\",\"@id\":\"https:\\\/\\\/hopehealingwellness.com\\\/fr\\\/trouver-de-l-aide\\\/#breadcrumb\",\"itemListElement\":[{\"@type\":\"ListItem\",\"position\":1,\"name\":\"Home\",\"item\":\"https:\\\/\\\/hopehealingwellness.com\\\/fr\\\/\"},{\"@type\":\"ListItem\",\"position\":2,\"name\":\"Trouver de l&rsquo;aide\"}]},{\"@type\":\"WebSite\",\"@id\":\"https:\\\/\\\/hopehealingwellness.com\\\/fr\\\/#website\",\"url\":\"https:\\\/\\\/hopehealingwellness.com\\\/fr\\\/\",\"name\":\"Hope Healing Wellness\",\"description\":\"\",\"potentialAction\":[{\"@type\":\"SearchAction\",\"target\":{\"@type\":\"EntryPoint\",\"urlTemplate\":\"https:\\\/\\\/hopehealingwellness.com\\\/fr\\\/?s={search_term_string}\"},\"query-input\":{\"@type\":\"PropertyValueSpecification\",\"valueRequired\":true,\"valueName\":\"search_term_string\"}}],\"inLanguage\":\"fr-FR\"}]}<\/script>\n<!-- \/ Yoast SEO plugin. -->","yoast_head_json":{"title":"Trouver de l'aide - Hope Healing Wellness","robots":{"index":"index","follow":"follow","max-snippet":"max-snippet:-1","max-image-preview":"max-image-preview:large","max-video-preview":"max-video-preview:-1"},"canonical":"https:\/\/hopehealingwellness.com\/fr\/trouver-de-l-aide\/","og_locale":"fr_FR","og_type":"article","og_title":"Trouver de l'aide - Hope Healing Wellness","og_description":"Nos servicesAvez-vous besoin de conseils spirituels? Avez-vous le d\u00e9sir de vous rapprocher de Dieu, mais ne savez pas comment, ou par o\u00f9 commencer ? Avez-vous besoin de paix int\u00e9rieure? Recevez des conseils d'un point de vue chr\u00e9tien avec des principes bibliques. Rencontrez l'un de nos conseillers spirituels qui vous aidera \u00e0 naviguer au travers de [&hellip;]","og_url":"https:\/\/hopehealingwellness.com\/fr\/trouver-de-l-aide\/","og_site_name":"Hope Healing Wellness","article_modified_time":"2022-03-25T18:19:41+00:00","twitter_card":"summary_large_image","twitter_misc":{"Dur\u00e9e de lecture estim\u00e9e":"3 minutes"},"schema":{"@context":"https:\/\/schema.org","@graph":[{"@type":"WebPage","@id":"https:\/\/hopehealingwellness.com\/fr\/trouver-de-l-aide\/","url":"https:\/\/hopehealingwellness.com\/fr\/trouver-de-l-aide\/","name":"Trouver de l'aide - Hope Healing Wellness","isPartOf":{"@id":"https:\/\/hopehealingwellness.com\/fr\/#website"},"datePublished":"2022-01-18T01:37:40+00:00","dateModified":"2022-03-25T18:19:41+00:00","breadcrumb":{"@id":"https:\/\/hopehealingwellness.com\/fr\/trouver-de-l-aide\/#breadcrumb"},"inLanguage":"fr-FR","potentialAction":[{"@type":"ReadAction","target":["https:\/\/hopehealingwellness.com\/fr\/trouver-de-l-aide\/"]}]},{"@type":"BreadcrumbList","@id":"https:\/\/hopehealingwellness.com\/fr\/trouver-de-l-aide\/#breadcrumb","itemListElement":[{"@type":"ListItem","position":1,"name":"Home","item":"https:\/\/hopehealingwellness.com\/fr\/"},{"@type":"ListItem","position":2,"name":"Trouver de l&rsquo;aide"}]},{"@type":"WebSite","@id":"https:\/\/hopehealingwellness.com\/fr\/#website","url":"https:\/\/hopehealingwellness.com\/fr\/","name":"Hope Healing Wellness","description":"","potentialAction":[{"@type":"SearchAction","target":{"@type":"EntryPoint","urlTemplate":"https:\/\/hopehealingwellness.com\/fr\/?s={search_term_string}"},"query-input":{"@type":"PropertyValueSpecification","valueRequired":true,"valueName":"search_term_string"}}],"inLanguage":"fr-FR"}]}},"_links":{"self":[{"href":"https:\/\/hopehealingwellness.com\/fr\/wp-json\/wp\/v2\/pages\/330","targetHints":{"allow":["GET"]}}],"collection":[{"href":"https:\/\/hopehealingwellness.com\/fr\/wp-json\/wp\/v2\/pages"}],"about":[{"href":"https:\/\/hopehealingwellness.com\/fr\/wp-json\/wp\/v2\/types\/page"}],"author":[{"embeddable":true,"href":"https:\/\/hopehealingwellness.com\/fr\/wp-json\/wp\/v2\/users\/1"}],"replies":[{"embeddable":true,"href":"https:\/\/hopehealingwellness.com\/fr\/wp-json\/wp\/v2\/comments?post=330"}],"version-history":[{"count":11,"href":"https:\/\/hopehealingwellness.com\/fr\/wp-json\/wp\/v2\/pages\/330\/revisions"}],"predecessor-version":[{"id":459,"href":"https:\/\/hopehealingwellness.com\/fr\/wp-json\/wp\/v2\/pages\/330\/revisions\/459"}],"wp:attachment":[{"href":"https:\/\/hopehealingwellness.com\/fr\/wp-json\/wp\/v2\/media?parent=330"}],"curies":[{"name":"wp","href":"https:\/\/api.w.org\/{rel}","templated":true}]}}